{"id":39,"date":"2019-05-13T09:07:02","date_gmt":"2019-05-13T09:07:02","guid":{"rendered":"http:\/\/apartament.sanok.pl\/?page_id=39"},"modified":"2025-12-11T18:18:06","modified_gmt":"2025-12-11T18:18:06","slug":"witamy-w-sanoku","status":"publish","type":"page","link":"https:\/\/apartament.sanok.pl\/","title":{"rendered":"Witamy w Sanoku!"},"content":{"rendered":"\n<p><strong>Tanie Apartamenty &#8211; komfortowa alternatywa dla hotelu. <\/strong><\/p>\n\n\n\n<p>Oferujemy dwa apartamenty.<\/p>\n\n\n\n<p>Pierwszy, <strong>Apartament w \u015ar\u00f3dmie\u015bciu<\/strong>, zlokalizowany jest tu\u017c przy rynku i dysponuje prywatnym , bezp\u0142atnym parkingiem.<\/p>\n\n\n\n<p>Drugi, <strong>Apartament na B\u0142oniach<\/strong>, znajduje si\u0119 zaledwie kilka minut spacerem od centrum i r\u00f3wnie\u017c oferuje bezp\u0142atne miejsce parkingowe. <\/p>\n\n\n\n<p>Go\u015bcie z Polski jak i zagranicy doceniaj\u0105 prywatno\u015b\u0107 i szereg udogodnie\u0144 jakie zapewniaj\u0105 nasze apartamenty.<\/p>\n\n\n\n<p>Tylko u nas poczujecie si\u0119 jak w domu &#8211; zadba\u0142am o ka\u017cdy szczeg\u00f3\u0142, aby\u015bcie mogli w pe\u0142ni zrelaksowa\u0107 si\u0119 podczas pobytu.<\/p>\n\n\n\n<p><\/p>\n\n\n\n<p><br><strong>Zapraszam do rezerwacji !!!<\/strong><\/p>\n\n\n\n<figure class=\"wp-block-image\"><a href=\"https:\/\/www.google.com\/maps\/d\/viewer?mid=1HFHaQGp_-3NEZnVep1C_gF8uODV5CQQT&amp;ll=49.56162585918029%2C22.20750350000003&amp;z=17\" target=\"_blank\" rel=\"noreferrer noopener\"><img decoding=\"async\" src=\"https:\/\/apartament.sanok.pl\/wp-content\/uploads\/2019\/05\/mapkaApartamenty.jpg\" alt=\"\" class=\"wp-image-55\"\/><\/a><figcaption class=\"wp-element-caption\">1. <a href=\"https:\/\/apartament.sanok.pl\/index.php\/2019\/05\/06\/apartament-srodmiescie\/\">Apartament w \u015ar\u00f3dmie\u015bciu<\/a><br>2. <a href=\"https:\/\/apartament.sanok.pl\/index.php\/2019\/05\/06\/apartament-blonie\/\">Apartament na B\u0142oniach <\/a><\/figcaption><\/figure>\n\n\n\n<p><\/p>\n","protected":false},"excerpt":{"rendered":"<div class=\"mh-excerpt\"><p>Tanie Apartamenty &#8211; komfortowa alternatywa dla hotelu. Oferujemy dwa apartamenty. Pierwszy, Apartament w \u015ar\u00f3dmie\u015bciu, zlokalizowany jest tu\u017c przy rynku i dysponuje prywatnym , bezp\u0142atnym parkingiem. <a class=\"mh-excerpt-more\" href=\"https:\/\/apartament.sanok.pl\/\" title=\"Witamy w Sanoku!\">[&#8230;]Dalej<\/a><\/p>\n<\/div>","protected":false},"author":1,"featured_media":0,"parent":0,"menu_order":0,"comment_status":"closed","ping_status":"closed","template":"","meta":{"footnotes":""},"class_list":["post-39","page","type-page","status-publish","hentry"],"_links":{"self":[{"href":"https:\/\/apartament.sanok.pl\/index.php\/wp-json\/wp\/v2\/pages\/39","targetHints":{"allow":["GET"]}}],"collection":[{"href":"https:\/\/apartament.sanok.pl\/index.php\/wp-json\/wp\/v2\/pages"}],"about":[{"href":"https:\/\/apartament.sanok.pl\/index.php\/wp-json\/wp\/v2\/types\/page"}],"author":[{"embeddable":true,"href":"https:\/\/apartament.sanok.pl\/index.php\/wp-json\/wp\/v2\/users\/1"}],"replies":[{"embeddable":true,"href":"https:\/\/apartament.sanok.pl\/index.php\/wp-json\/wp\/v2\/comments?post=39"}],"version-history":[{"count":10,"href":"https:\/\/apartament.sanok.pl\/index.php\/wp-json\/wp\/v2\/pages\/39\/revisions"}],"predecessor-version":[{"id":430,"href":"https:\/\/apartament.sanok.pl\/index.php\/wp-json\/wp\/v2\/pages\/39\/revisions\/430"}],"wp:attachment":[{"href":"https:\/\/apartament.sanok.pl\/index.php\/wp-json\/wp\/v2\/media?parent=39"}],"curies":[{"name":"wp","href":"https:\/\/api.w.org\/{rel}","templated":true}]}}